{"id":6,"date":"2016-01-25T08:12:20","date_gmt":"2016-01-25T08:12:20","guid":{"rendered":"http:\/\/demos.artbees.net\/jupiter5\/minerva\/?page_id=6"},"modified":"2019-05-01T21:11:40","modified_gmt":"2019-05-01T21:11:40","slug":"home","status":"publish","type":"page","link":"https:\/\/parlestutoutou.com\/","title":{"rendered":"Home"},"content":{"rendered":"[mk_page_section bg_stretch=&#8221;true&#8221; bg_gradient=&#8221;vertical&#8221; video_color_mask=&#8221;#95c648&#8243; gr_end=&#8221;#95c648&#8243; video_opacity=&#8221;1&#8243; min_height=&#8221;700&#8243; padding_top=&#8221;0&#8243; padding_bottom=&#8221;0&#8243; top_shape_color=&#8221;#ffffff&#8221; has_bottom_shape_divider=&#8221;true&#8221; bottom_shape_size=&#8221;small&#8221; bottom_shape_color=&#8221;#ffffff&#8221; bottom_shape_bg_color=&#8221;#95c648&#8243; section_id=&#8221;accueil&#8221; sidebar=&#8221;sidebar-1&#8243;][vc_column width=&#8221;1\/2&#8243;][mk_padding_divider size=&#8221;120&#8243; visibility=&#8221;hidden-sm&#8221;][mk_padding_divider size=&#8221;60&#8243; visibility=&#8221;visible-sm&#8221;][mk_image src=&#8221;https:\/\/parlestutoutou.com\/wp-content\/uploads\/2016\/01\/bon-kid-dog.png&#8221; image_size=&#8221;full&#8221; align=&#8221;center&#8221; margin_bottom=&#8221;0&#8243;][mk_padding_divider visibility=&#8221;visible-sm&#8221;][\/vc_column][vc_column width=&#8221;1\/2&#8243;][mk_padding_divider size=&#8221;260&#8243; visibility=&#8221;hidden-sm&#8221;][mk_fancy_title color=&#8221;#ffffff&#8221; size=&#8221;100&#8243; force_font_size=&#8221;true&#8221; size_tablet=&#8221;80&#8243; size_phone=&#8221;80&#8243; line_height=&#8221;75&#8243; font_weight=&#8221;bold&#8221; txt_transform=&#8221;capitalize&#8221; margin_bottom=&#8221;0&#8243; font_family=&#8221;none&#8221; align=&#8221;center&#8221;]Parles-tu toutou?[\/mk_fancy_title][mk_fancy_title color=&#8221;#ffffff&#8221; size=&#8221;24&#8243; force_font_size=&#8221;true&#8221; txt_transform=&#8221;none&#8221; font_family=&#8221;Lato&#8221; font_type=&#8221;google&#8221; align=&#8221;center&#8221;]Site \u00e9ducatif sur la pr\u00e9vention des morsures de chiens[\/mk_fancy_title][\/vc_column][\/mk_page_section][vc_row id=&#8221;capsules-educatives&#8221;][vc_column][mk_padding_divider size=&#8221;60&#8243; visibility=&#8221;hidden-sm&#8221;][mk_fancy_title color=&#8221;#269ac6&#8243; size=&#8221;72&#8243; force_font_size=&#8221;true&#8221; size_phone=&#8221;60&#8243; font_weight=&#8221;bold&#8221; txt_transform=&#8221;capitalize&#8221; margin_bottom=&#8221;0&#8243; font_family=&#8221;none&#8221; align=&#8221;center&#8221; animation=&#8221;top-to-bottom&#8221;]Capsules \u00c9ducatives pour pr\u00e9venirles morsures de chiens[\/mk_fancy_title][mk_ornamental_title title_as=&#8221;image&#8221; title_image=&#8221;https:\/\/parlestutoutou.com\/wp-content\/uploads\/2016\/01\/patte-verte-ok.png&#8221; ornament_style=&#8221;norman-short-single&#8221; nss_align=&#8221;center&#8221; ornament_color=&#8221;#95c648&#8243; ornament_thickness=&#8221;2&#8243; margin_bottom=&#8221;0&#8243; animation=&#8221;top-to-bottom&#8221;][\/mk_ornamental_title][mk_padding_divider size=&#8221;50&#8243;][vc_row_inner][vc_column_inner width=&#8221;6\/12&#8243;][mk_padding_divider size=&#8221;50&#8243; visibility=&#8221;hidden-sm&#8221;][mk_theatre_slider host=&#8221;social_hosted&#8221; stream_video_id=&#8221;EtHvTpdWgHU&#8221; align=&#8221;center&#8221; src=&#8221;&#8220;https:\/\/www.youtube.com\/embed\/EtHvTpdWgHU&#8220;&#8221; width=&#8221;&#8220;560&#8220;&#8221; height=&#8221;&#8220;315&#8220;&#8221; frameborder=&#8221;&#8220;0&#8220;&#8221;][\/vc_column_inner][vc_column_inner width=&#8221;1\/12&#8243;][\/vc_column_inner][vc_column_inner width=&#8221;5\/12&#8243;][mk_padding_divider size=&#8221;50&#8243; visibility=&#8221;hidden-sm&#8221;][mk_fancy_title tag_name=&#8221;h1&#8243; color=&#8221;#95c648&#8243; size=&#8221;32&#8243; font_weight=&#8221;bold&#8221; margin_bottom=&#8221;25&#8243; font_family=&#8221;none&#8221;]Nous vous invitons \u00e0 visionner nos capsules \u00e9ducatives en famille afin de comprendre comment les chiens communiquent avec nous[\/mk_fancy_title][mk_padding_divider visibility=&#8221;visible-sm&#8221;][mk_icon_box icon=&#8221;mk-li-pencil&#8221; title=&#8221;\u00c9DUCATiVES&#8221; text_size=&#8221;18&#8243; style=&#8221;simple_ultimate&#8221; icon_size=&#8221;medium&#8221; icon_color=&#8221;#269ac6&#8243; title_color=&#8221;#269ac6&#8243; txt_color=&#8221;#999999&#8243;]Les capsules ont pour objectif d&#8217;enseigner aux enfants la pr\u00e9vention des morsures de chiens[\/mk_icon_box][mk_icon_box title=&#8221;AMUSANTES&#8221; text_size=&#8221;18&#8243; style=&#8221;simple_ultimate&#8221; icon_size=&#8221;medium&#8221; icon_color=&#8221;#269ac6&#8243; title_color=&#8221;#269ac6&#8243; txt_color=&#8221;#999999&#8243;]Les enfants adorent apprendre en jouant, les capsules sont donc ludiques et amusantes \u00e0 regarder[\/mk_icon_box][\/vc_column_inner][\/vc_row_inner][mk_padding_divider size=&#8221;25&#8243; visibility=&#8221;hidden-sm&#8221;][mk_button dimension=&#8221;flat&#8221; corner_style=&#8221;rounded&#8221; size=&#8221;medium&#8221; icon=&#8221;mk-moon-youtube-2&#8243; url=&#8221;https:\/\/parlestutoutou.com\/capsules-educatives\/&#8221; align=&#8221;center&#8221; margin_top=&#8221;15&#8243; bg_color=&#8221;#f0652f&#8221; btn_hover_bg=&#8221;#f0652f&#8221; btn_hover_txt_color=&#8221;#61696c&#8221;]VISIONNEZ NOS CAPSULES[\/mk_button][mk_padding_divider size=&#8221;100&#8243; visibility=&#8221;hidden-sm&#8221;][mk_ornamental_title title_as=&#8221;image&#8221; title_image=&#8221;https:\/\/parlestutoutou.com\/wp-content\/uploads\/2016\/01\/patte-verte-ok.png&#8221; ornament_style=&#8221;norman-short-single&#8221; nss_align=&#8221;center&#8221; ornament_color=&#8221;#95c648&#8243; ornament_thickness=&#8221;2&#8243; margin_bottom=&#8221;0&#8243; animation=&#8221;top-to-bottom&#8221;][\/mk_ornamental_title][\/vc_column][\/vc_row][mk_page_section bg_color=&#8221;#ffffff&#8221; bg_position=&#8221;center bottom&#8221; bg_repeat=&#8221;no-repeat&#8221; padding_top=&#8221;0&#8243; padding_bottom=&#8221;0&#8243; top_shape_color=&#8221;#ffffff&#8221; bottom_shape_size=&#8221;small&#8221; bottom_shape_color=&#8221;#f2f3f4&#8243; section_id=&#8221;statistiques&#8221; sidebar=&#8221;sidebar-1&#8243;][vc_column][mk_padding_divider size=&#8221;50&#8243; visibility=&#8221;hidden-sm&#8221;][mk_fancy_title color=&#8221;#269ac6&#8243; size=&#8221;72&#8243; font_weight=&#8221;bold&#8221; txt_transform=&#8221;capitalize&#8221; margin_bottom=&#8221;0&#8243; font_family=&#8221;none&#8221; align=&#8221;center&#8221; animation=&#8221;top-to-bottom&#8221;]Statistiques[\/mk_fancy_title][mk_padding_divider size=&#8221;50&#8243;][vc_row_inner][vc_column_inner width=&#8221;1\/4&#8243;][mk_image src=&#8221;https:\/\/parlestutoutou.com\/wp-content\/uploads\/2016\/01\/icone-morsure-orange.jpg&#8221; image_size=&#8221;full&#8221; align=&#8221;center&#8221;][\/vc_column_inner][vc_column_inner width=&#8221;1\/4&#8243;][mk_milestone icon=&#8221;mk-moon-aid&#8221; icon_size=&#8221;large&#8221; align=&#8221;center&#8221; icon_color=&#8221;#f0652f&#8221; stop=&#8221;164000&#8243; suffix=&#8221;personnes sont victimes de morsures chaque ann\u00e9e au Qu\u00e9bec&#8221; text_color=&#8221;#707070&#8243; text_size=&#8221;18&#8243; font_family=&#8221;none&#8221;][\/vc_column_inner][vc_column_inner width=&#8221;1\/4&#8243;][mk_milestone icon=&#8221;mk-li-users&#8221; icon_size=&#8221;large&#8221; align=&#8221;center&#8221; icon_color=&#8221;#f0652f&#8221; stop=&#8221;120&#8243; speed=&#8221;1500&#8243; suffix=&#8221;enfants de moins de 12 ans sont mordus chaque jour au Qu\u00e9bec&#8221; text_color=&#8221;#707070&#8243; text_size=&#8221;18&#8243; font_family=&#8221;none&#8221;][\/vc_column_inner][vc_column_inner width=&#8221;1\/4&#8243;][mk_milestone icon=&#8221;mk-moon-paw&#8221; icon_size=&#8221;large&#8221; align=&#8221;center&#8221; icon_color=&#8221;#f0652f&#8221; stop=&#8221;38&#8243; speed=&#8221;1500&#8243; suffix=&#8221;% de ces morsures sont inflig\u00e9es par le chien de la famille&#8221; text_color=&#8221;#707070&#8243; text_size=&#8221;18&#8243; font_family=&#8221;none&#8221;][\/vc_column_inner][\/vc_row_inner][mk_padding_divider size=&#8221;50&#8243;][\/vc_column][\/mk_page_section][vc_row fullwidth=&#8221;true&#8221; fullwidth_content=&#8221;false&#8221; seperator_indeed_locker=&#8221;&#8221; lk_t=&#8221;ism_template_1&#8243; lk_io=&#8221;default&#8221; lk_dm=&#8221;0&#8243; lk_thm=&#8221;0&#8243; lk_tuo=&#8221;0&#8243; ru_on=&#8221;0&#8243; uhc_on=&#8221;0&#8243; ur_on=&#8221;0&#8243; ref_on=&#8221;0&#8243; css=&#8221;.vc_custom_1501878086909{background-color: #95c648 !important;}&#8221;][vc_column][\/vc_column][\/vc_row][vc_row fullwidth=&#8221;true&#8221; fullwidth_content=&#8221;false&#8221; seperator_indeed_locker=&#8221;&#8221; lk_t=&#8221;ism_template_1&#8243; lk_io=&#8221;default&#8221; lk_dm=&#8221;0&#8243; lk_thm=&#8221;0&#8243; lk_tuo=&#8221;0&#8243; ru_on=&#8221;0&#8243; uhc_on=&#8221;0&#8243; ur_on=&#8221;0&#8243; ref_on=&#8221;0&#8243; css=&#8221;.vc_custom_1501878923830{background-color: #95c648 !important;}&#8221;][vc_column width=&#8221;1\/3&#8243;][mk_padding_divider size=&#8221;50&#8243;][mk_image src=&#8221;https:\/\/parlestutoutou.com\/wp-content\/uploads\/2016\/01\/3-etapes.jpg&#8221; image_size=&#8221;full&#8221; frame_style=&#8221;rounded&#8221;][\/vc_column][vc_column width=&#8221;2\/3&#8243;][mk_padding_divider size=&#8221;50&#8243;][mk_fancy_title color=&#8221;#ffffff&#8221; size=&#8221;36&#8243; force_font_size=&#8221;true&#8221; size_smallscreen=&#8221;36&#8243; size_tablet=&#8221;36&#8243; size_phone=&#8221;24&#8243; txt_transform=&#8221;uppercase&#8221; margin_bottom=&#8221;0&#8243; font_family=&#8221;Lato&#8221; font_type=&#8221;google&#8221;]T\u00e9l\u00e9chargez gratuitement[\/mk_fancy_title][mk_fancy_title color=&#8221;#ffffff&#8221; size=&#8221;24&#8243; force_font_size=&#8221;true&#8221; size_smallscreen=&#8221;24&#8243; size_tablet=&#8221;24&#8243; size_phone=&#8221;18&#8243; txt_transform=&#8221;uppercase&#8221; margin_bottom=&#8221;0&#8243; font_family=&#8221;Lato&#8221; font_type=&#8221;google&#8221;]LES 4 \u00c9TAPES POUR APPROCHER UN CHIEN EN TOUTE S\u00c9CURIT\u00c9![\/mk_fancy_title]<div style=\"border-radius:0px;-web-border-radius:0px;-moz-border-radius:0px;\" class=\"vc_mailchimp_form_cont\">\n\t\t<form method=\"post\" class=\"vc_mailchimp_form\" action=\"\">\n\t\t<div class=\"\"><label style=\"\"><\/label><input style=\"width:80%;border-radius:6px;-web-border-radius:6px;-moz-border-radius:6px;\" type=\"text\" name=\"mc_email\" class=\"mc_email\" placeholder=\"Courriel\" ><\/div><span  class=\"vcmailchimp-sub-button-cont align_left\"><a style=\"border-radius:4px;-web-border-radius:4px;-moz-border-radius:4px;\" href=\"javascript:void(0)\" class=\"vc-mailchimp-sub-btn vc_mailchimp_button color_red size_medium\"><span >S'inscrire<\/span><\/a><\/span><img class=\"vc-mailchimp-spinner\" src=\"https:\/\/parlestutoutou.com\/wp-content\/plugins\/vc-mailchimp\/css\/spinner.gif\">\n\t\t<div style=\"\" class=\"mc-email-validation-message\">S'il vous pla\u00eet, v\u00e9rifier votre courriel...<\/div>\n\t\t<div style=\"\" class=\"mc-error-message\">Sorry but there is some error in adding your email to our subscriber list.Please try again<\/div>\n\t\t<div style=\"\" class=\"mc-success-message\">Merci de votre inscription<\/div>\n\t\t<div style=\"display:none\" class=\"vc-maichimp-debug\"><\/div>\n\t\t<input type=\"hidden\" name=\"double_optin\" value=\"1\" >\n\t\t<input type=\"hidden\" name=\"welcome_email\" value=\"0\" >\n\t\t<input type=\"hidden\" name=\"update_existing\" value=\"0\" >\n\t\t<input type=\"hidden\" name=\"list\" value=\"31d14c6f2c\" >\n\t\t<input type=\"hidden\" class=\"redirect_url\" name=\"redirect_url\" value=\"\" >\n\t\t<input type=\"submit\" style=\"display:none !important\" class=\"vc_mailchimp_submit\" >\n\t\t<\/form>\n\t\t<div style=\"clear:both\"><\/div>\n\t\t<\/div>[mk_padding_divider size=&#8221;50&#8243;][\/vc_column][\/vc_row][vc_row id=&#8221;a-propos&#8221;][vc_column][mk_padding_divider size=&#8221;50&#8243; visibility=&#8221;hidden-sm&#8221;][mk_padding_divider size=&#8221;50&#8243; visibility=&#8221;hidden-sm&#8221;][mk_fancy_title color=&#8221;#269ac6&#8243; size=&#8221;72&#8243; font_weight=&#8221;bold&#8221; txt_transform=&#8221;capitalize&#8221; margin_bottom=&#8221;0&#8243; font_family=&#8221;none&#8221; align=&#8221;center&#8221; animation=&#8221;top-to-bottom&#8221;]\u00c0 propos[\/mk_fancy_title][mk_padding_divider size=&#8221;50&#8243; visibility=&#8221;hidden-sm&#8221;][\/vc_column][\/vc_row][vc_row id=&#8221;a-propos&#8221;][vc_column width=&#8221;1\/2&#8243;][mk_padding_divider size=&#8221;25&#8243; visibility=&#8221;hidden-sm&#8221;][mk_image src=&#8221;https:\/\/parlestutoutou.com\/wp-content\/uploads\/2017\/05\/logo-parles-tu-toutou.png&#8221; image_size=&#8221;medium&#8221; align=&#8221;center&#8221;][mk_padding_divider size=&#8221;100&#8243;][\/vc_column][vc_column width=&#8221;1\/2&#8243;][mk_padding_divider size=&#8221;25&#8243; visibility=&#8221;hidden-sm&#8221;][mk_icon_box icon=&#8221;mk-li-pencil&#8221; title=&#8221;L&#8217;ID\u00c9E&#8221; text_size=&#8221;18&#8243; style=&#8221;simple_ultimate&#8221; icon_size=&#8221;medium&#8221; icon_color=&#8221;#269ac6&#8243; title_color=&#8221;#269ac6&#8243; txt_color=&#8221;#999999&#8243;]Ce projet de capsules \u00e9ducatives a\u00a0vu le jour suite \u00e0\u00a0l\u2019id\u00e9e originale des deux partenaires de l\u2019entreprise Toutanima \u00e9ducation canine, mesdames Mance Lamothe et Annick VanCraenen.Gr\u00e2ce \u00e0 leur collaboration avec l\u2019\u00e9cole primaire Jean-Leman de Candiac, aux talents d\u2019acteurs d\u2019un groupe de 3 et 4 i\u00e8me\u00a0ann\u00e9e inscrit au service de garde ainsi que la participation de madame Kathleen Desrosiers de la fondation Humanimo, elles ont pu concevoir ces cinq premi\u00e8res capsules vid\u00e9o \u00e9ducatives sur la bonne fa\u00e7on d\u2019interagir avec un chien afin de pr\u00e9venir les morsures.[\/mk_icon_box][\/vc_column][\/vc_row][mk_page_section bg_image=&#8221;https:\/\/parlestutoutou.com\/wp-content\/uploads\/2016\/01\/bg-5.png&#8221; bg_color=&#8221;#f2f3f4&#8243; video_loop=&#8221;false&#8221; video_color_mask=&#8221;#f2f3f4&#8243; min_height=&#8221;150&#8243; padding_top=&#8221;0&#8243; padding_bottom=&#8221;0&#8243; has_top_shape_divider=&#8221;true&#8221; top_shape_style=&#8221;jagged-rounded-top&#8221; top_shape_color=&#8221;#ffffff&#8221; has_bottom_shape_divider=&#8221;true&#8221; bottom_shape_style=&#8221;jagged-rounded-bottom&#8221; bottom_shape_color=&#8221;#ffffff&#8221; section_id=&#8221;services&#8221; sidebar=&#8221;sidebar-1&#8243;][vc_column][mk_padding_divider size=&#8221;50&#8243; visibility=&#8221;hidden-sm&#8221;][mk_employees count=&#8221;3&#8243; description=&#8221;false&#8221; name_color=&#8221;#269ac6&#8243; position_color=&#8221;#999999&#8243; about_color=&#8221;#999999&#8243;][mk_padding_divider size=&#8221;25&#8243; visibility=&#8221;hidden-sm&#8221;][\/vc_column][\/mk_page_section][vc_row id=&#8221;a-propos&#8221;][vc_column][mk_padding_divider size=&#8221;100&#8243; visibility=&#8221;hidden-sm&#8221;][mk_fancy_title color=&#8221;#269ac6&#8243; size=&#8221;72&#8243; font_weight=&#8221;bold&#8221; txt_transform=&#8221;capitalize&#8221; margin_bottom=&#8221;0&#8243; font_family=&#8221;none&#8221; align=&#8221;center&#8221; animation=&#8221;top-to-bottom&#8221;]Nous avons besoin de vous![\/mk_fancy_title][mk_fancy_title color=&#8221;#269ac6&#8243; size=&#8221;30&#8243; font_weight=&#8221;bold&#8221; margin_bottom=&#8221;25&#8243; font_family=&#8221;none&#8221; align=&#8221;center&#8221; animation=&#8221;top-to-bottom&#8221;]Devenez ambassadeur de notre mission \u00e9ducative et pr\u00e9ventive en nous aidant \u00e0 partager la bonne information visant \u00e0 sensibiliser et informer les gens sur la fa\u00e7on dont les chiens communiquent avec nous![\/mk_fancy_title][mk_padding_divider size=&#8221;50&#8243; visibility=&#8221;hidden-sm&#8221;][mk_steps icon_1=&#8221;mk-li-video&#8221; title_1=&#8221;PARTAGEZ&#8221; desc_1=&#8221;nos capsules&#8221; url_1=&#8221;https:\/\/parlestutoutou.com\/capsules-educatives&#8221; icon_2=&#8221;mk-moon-facebook-2&#8243; title_2=&#8221;AIMEZ&#8221; desc_2=&#8221;notre page&#8221; url_2=&#8221;http:\/\/www.facebook.com\/humanimo.org&#8221; icon_3=&#8221;mk-moon-book&#8221; title_3=&#8221;PROCUREZ-VOUS&#8221; desc_3=&#8221;notre livre&#8221; url_3=&#8221;http:\/\/humanimo.org\/produit\/livre-humanimo\/&#8221; icon_4=&#8221;mk-icon-group&#8221; title_4=&#8221;REJOIGNEZ&#8221; desc_4=&#8221;notre groupe&#8221; url_4=&#8221;https:\/\/www.facebook.com\/groups\/parlestutoutou\/&#8221;][mk_padding_divider size=&#8221;100&#8243; visibility=&#8221;hidden-sm&#8221;][\/vc_column][\/vc_row][mk_page_section bg_color=&#8221;#9db754&#8243; video_loop=&#8221;false&#8221; min_height=&#8221;0&#8243; padding_top=&#8221;0&#8243; padding_bottom=&#8221;0&#8243; top_shape_style=&#8221;jagged-top&#8221; top_shape_color=&#8221;#ffffff&#8221; bottom_shape_style=&#8221;jagged-bottom&#8221; bottom_shape_color=&#8221;#ffffff&#8221; section_id=&#8221;temoignages&#8221; sidebar=&#8221;sidebar-1&#8243;][vc_column][mk_padding_divider size=&#8221;50&#8243; visibility=&#8221;hidden-sm&#8221;][mk_fancy_title color=&#8221;#ffffff&#8221; size=&#8221;72&#8243; force_font_size=&#8221;true&#8221; font_weight=&#8221;bold&#8221; txt_transform=&#8221;capitalize&#8221; margin_bottom=&#8221;0&#8243; font_family=&#8221;none&#8221; align=&#8221;center&#8221; animation=&#8221;top-to-bottom&#8221;]T\u00e9moignages professionnels[\/mk_fancy_title][mk_fancy_title color=&#8221;#ffffff&#8221; size=&#8221;30&#8243; font_weight=&#8221;bold&#8221; margin_bottom=&#8221;25&#8243; font_family=&#8221;none&#8221; align=&#8221;center&#8221; animation=&#8221;top-to-bottom&#8221;]Nous vous pr\u00e9sentons des t\u00e9moignages professionnels au sujet du livre sur la pr\u00e9vention des morsures de chiens &#8221; Ton chien te parle, apprends \u00e0 le comprendre!&#8221; de la fondation Humanimo[\/mk_fancy_title][mk_padding_divider size=&#8221;50&#8243; visibility=&#8221;hidden-sm&#8221;][mk_testimonials skin=&#8221;light&#8221; count=&#8221;7&#8243;][mk_padding_divider size=&#8221;50&#8243; visibility=&#8221;hidden-sm&#8221;][mk_button dimension=&#8221;savvy&#8221; size=&#8221;large&#8221; icon=&#8221;mk-moon-book&#8221; url=&#8221;http:\/\/humanimo.org\/produit\/livre-humanimo\/&#8221; target=&#8221;_blank&#8221; align=&#8221;center&#8221; el_class=&#8221;btnsz&#8221; outline_skin=&#8221;light&#8221;]PROCUREZ-VOUS CE LIVRE D\u00c8S MAINTENANT[\/mk_button][mk_padding_divider size=&#8221;50&#8243; visibility=&#8221;hidden-sm&#8221;][\/vc_column][\/mk_page_section][vc_row id=&#8221;contact&#8221;][vc_column][mk_padding_divider size=&#8221;50&#8243; visibility=&#8221;hidden-sm&#8221;][mk_fancy_title color=&#8221;#269ac6&#8243; size=&#8221;72&#8243; font_weight=&#8221;bold&#8221; txt_transform=&#8221;capitalize&#8221; margin_bottom=&#8221;0&#8243; font_family=&#8221;none&#8221; align=&#8221;center&#8221; animation=&#8221;top-to-bottom&#8221;]Contact[\/mk_fancy_title][mk_ornamental_title title_as=&#8221;image&#8221; title_image=&#8221;https:\/\/parlestutoutou.com\/wp-content\/uploads\/2016\/01\/patte-verte-ok.png&#8221; ornament_style=&#8221;norman-short-single&#8221; nss_align=&#8221;center&#8221; ornament_color=&#8221;#95c648&#8243; ornament_thickness=&#8221;2&#8243; margin_bottom=&#8221;0&#8243; animation=&#8221;top-to-bottom&#8221;][\/mk_ornamental_title][mk_padding_divider size=&#8221;100&#8243; visibility=&#8221;hidden-sm&#8221;][vc_row_inner][vc_column_inner width=&#8221;5\/12&#8243;][mk_icon_box2 icon_size=&#8221;32&#8243; icon=&#8221;mk-icon-building-o&#8221; icon_color=&#8221;#ffffff&#8221; icon_background_color=&#8221;#269ac6&#8243; icon_hover_background_color=&#8221;#269ac6&#8243; title=&#8221;Contact&#8221; title_size=&#8221;14&#8243; title_weight=&#8221;bold&#8221; title_color=&#8221;#222222&#8243; description_color=&#8221;#999999&#8243;]Annick Van Craenen, \u00c9ducatrice canine 514-781-3832Kathleen Desrosiers, Tech. en sant\u00e9 animale 514-268-3303Mance Lamothe, Zooth\u00e9rapeute 514-708-7494[\/mk_icon_box2][mk_padding_divider size=&#8221;30&#8243; visibility=&#8221;visible-sm&#8221;][mk_icon_box2 icon_size=&#8221;32&#8243; icon=&#8221;mk-moon-envelop&#8221; icon_color=&#8221;#ffffff&#8221; icon_background_color=&#8221;#269ac6&#8243; icon_hover_background_color=&#8221;#269ac6&#8243; title=&#8221;Courriel&#8221; title_size=&#8221;14&#8243; title_weight=&#8221;bold&#8221; title_color=&#8221;#222222&#8243; description_color=&#8221;#999999&#8243;]info@parlestutoutou.com[\/mk_icon_box2][mk_padding_divider size=&#8221;30&#8243; visibility=&#8221;visible-sm&#8221;][mk_icon_box2 icon_size=&#8221;32&#8243; icon=&#8221;mk-moon-bubbles-4&#8243; icon_color=&#8221;#ffffff&#8221; icon_background_color=&#8221;#269ac6&#8243; icon_hover_background_color=&#8221;#269ac6&#8243; title=&#8221;M\u00e9dias Sociaux&#8221; title_size=&#8221;14&#8243; title_weight=&#8221;bold&#8221; title_color=&#8221;#222222&#8243; description_color=&#8221;#999999&#8243; link_target=&#8221;_blank&#8221;]FacebookTwitterYouTube[\/mk_icon_box2][mk_padding_divider size=&#8221;100&#8243; visibility=&#8221;hidden-sm&#8221;][\/vc_column_inner][vc_column_inner width=&#8221;1\/12&#8243;][\/vc_column_inner][vc_column_inner width=&#8221;6\/12&#8243;][mk_contact_form style=&#8221;line&#8221; button_text=&#8221;Envoyez le message&#8221; line_skin_color=&#8221;#dddddd&#8221; phone=&#8221;true&#8221; captcha=&#8221;false&#8221;][\/vc_column_inner][\/vc_row_inner][\/vc_column][\/vc_row][mk_page_section bg_color=&#8221;#f2f3f4&#8243; min_height=&#8221;0&#8243; padding_top=&#8221;0&#8243; padding_bottom=&#8221;0&#8243; top_shape_color=&#8221;#ffffff&#8221; has_bottom_shape_divider=&#8221;true&#8221; bottom_shape_size=&#8221;small&#8221; bottom_shape_color=&#8221;#ffffff&#8221; section_id=&#8221;album&#8221; sidebar=&#8221;sidebar-1&#8243;][vc_column][mk_padding_divider size=&#8221;50&#8243; visibility=&#8221;hidden-sm&#8221;][mk_padding_divider size=&#8221;50&#8243; visibility=&#8221;hidden-sm&#8221;][mk_fancy_title color=&#8221;#95c648&#8243; size=&#8221;72&#8243; font_weight=&#8221;bold&#8221; txt_transform=&#8221;capitalize&#8221; margin_bottom=&#8221;0&#8243; font_family=&#8221;none&#8221; align=&#8221;center&#8221; animation=&#8221;top-to-bottom&#8221;]Albums Photos[\/mk_fancy_title][mk_fancy_title color=&#8221;#95c648&#8243; size=&#8221;30&#8243; font_weight=&#8221;bold&#8221; margin_bottom=&#8221;25&#8243; font_family=&#8221;none&#8221; align=&#8221;center&#8221; animation=&#8221;top-to-bottom&#8221;]Ce projet de capsules \u00e9ducatives a vu le jour gr\u00e2ce \u00e0 la collaboration entre l\u2019\u00e9cole primaire Jean-Leman de Candiac, de l\u2019entreprise locale Toutanima \u00e9ducation canine et la Fondation Humanimo[\/mk_fancy_title][mk_ornamental_title title_as=&#8221;image&#8221; title_image=&#8221;https:\/\/parlestutoutou.com\/wp-content\/uploads\/2016\/01\/patte-verte-ok.png&#8221; ornament_style=&#8221;norman-short-single&#8221; nss_align=&#8221;center&#8221; ornament_color=&#8221;#95c648&#8243; ornament_thickness=&#8221;2&#8243; margin_bottom=&#8221;0&#8243; animation=&#8221;top-to-bottom&#8221;][\/mk_ornamental_title][mk_padding_divider size=&#8221;100&#8243;][mk_photo_album space=&#8221;30&#8243; count=&#8221;3&#8243; pagination=&#8221;false&#8221; overlay_background=&#8221;rgba(98,62,149,0.7)&#8221;][mk_padding_divider size=&#8221;50&#8243; visibility=&#8221;hidden-sm&#8221;][\/vc_column][\/mk_page_section][vc_row fullwidth=&#8221;true&#8221;][vc_column][mk_padding_divider size=&#8221;100&#8243;][\/vc_column][\/vc_row][vc_row][vc_column][mk_image src=&#8221;https:\/\/parlestutoutou.com\/wp-content\/uploads\/2016\/01\/revenez-nous-voir.jpg&#8221; image_size=&#8221;full&#8221; align=&#8221;center&#8221; margin_bottom=&#8221;0&#8243;][\/vc_column][\/vc_row]\n","protected":false},"excerpt":{"rendered":"<p>[mk_page_section bg_stretch=&#8221;true&#8221; bg_gradient=&#8221;vertical&#8221; video_color_mask=&#8221;#95c648&#8243; gr_end=&#8221;#95c648&#8243; video_opacity=&#8221;1&#8243; min_height=&#8221;700&#8243; padding_top=&#8221;0&#8243; padding_bottom=&#8221;0&#8243; top_shape_color=&#8221;#ffffff&#8221; has_bottom_shape_divider=&#8221;true&#8221; bottom_shape_size=&#8221;small&#8221; bottom_shape_color=&#8221;#ffffff&#8221; bottom_shape_bg_color=&#8221;#95c648&#8243; section_id=&#8221;accueil&#8221; sidebar=&#8221;sidebar-1&#8243;][vc_column width=&#8221;1\/2&#8243;][mk_padding_divider size=&#8221;120&#8243; visibility=&#8221;hidden-sm&#8221;][mk_padding_divider size=&#8221;60&#8243; visibility=&#8221;visible-sm&#8221;][mk_image src=&#8221;https:\/\/parlestutoutou.com\/wp-content\/uploads\/2016\/01\/bon-kid-dog.png&#8221; image_size=&#8221;full&#8221; align=&#8221;center&#8221; margin_bottom=&#8221;0&#8243;][mk_padding_divider visibility=&#8221;visible-sm&#8221;][\/vc_column][vc_column width=&#8221;1\/2&#8243;][mk_padding_divider size=&#8221;260&#8243; visibility=&#8221;hidden-sm&#8221;][mk_fancy_title color=&#8221;#ffffff&#8221; size=&#8221;100&#8243; force_font_size=&#8221;true&#8221; size_tablet=&#8221;80&#8243; size_phone=&#8221;80&#8243; line_height=&#8221;75&#8243; font_weight=&#8221;bold&#8221; txt_transform=&#8221;capitalize&#8221; margin_bottom=&#8221;0&#8243; font_family=&#8221;none&#8221; align=&#8221;center&#8221;]Parles-tu toutou?[\/mk_fancy_title][mk_fancy_title color=&#8221;#ffffff&#8221; size=&#8221;24&#8243; force_font_size=&#8221;true&#8221; txt_transform=&#8221;none&#8221; font_family=&#8221;Lato&#8221; font_type=&#8221;google&#8221; align=&#8221;center&#8221;]Site \u00e9ducatif sur la pr\u00e9vention des morsures de [&hellip;]<\/p>\n","protected":false},"author":1,"featured_media":0,"parent":0,"menu_order":0,"comment_status":"closed","ping_status":"closed","template":"","meta":[],"_links":{"self":[{"href":"https:\/\/parlestutoutou.com\/index.php?rest_route=\/wp\/v2\/pages\/6"}],"collection":[{"href":"https:\/\/parlestutoutou.com\/index.php?rest_route=\/wp\/v2\/pages"}],"about":[{"href":"https:\/\/parlestutoutou.com\/index.php?rest_route=\/wp\/v2\/types\/page"}],"author":[{"embeddable":true,"href":"https:\/\/parlestutoutou.com\/index.php?rest_route=\/wp\/v2\/users\/1"}],"replies":[{"embeddable":true,"href":"https:\/\/parlestutoutou.com\/index.php?rest_route=%2Fwp%2Fv2%2Fcomments&post=6"}],"version-history":[{"count":255,"href":"https:\/\/parlestutoutou.com\/index.php?rest_route=\/wp\/v2\/pages\/6\/revisions"}],"predecessor-version":[{"id":814,"href":"https:\/\/parlestutoutou.com\/index.php?rest_route=\/wp\/v2\/pages\/6\/revisions\/814"}],"wp:attachment":[{"href":"https:\/\/parlestutoutou.com\/index.php?rest_route=%2Fwp%2Fv2%2Fmedia&parent=6"}],"curies":[{"name":"wp","href":"https:\/\/api.w.org\/{rel}","templated":true}]}}