{"id":332,"date":"2017-05-12T17:38:24","date_gmt":"2017-05-12T17:38:24","guid":{"rendered":"http:\/\/parlestutoutou.com\/?page_id=332"},"modified":"2019-06-01T14:57:25","modified_gmt":"2019-06-01T14:57:25","slug":"capsules-educatives","status":"publish","type":"page","link":"https:\/\/parlestutoutou.com\/?page_id=332","title":{"rendered":"Capsules \u00c9ducatives"},"content":{"rendered":"[mk_page_section bg_stretch=&#8221;true&#8221; bg_gradient=&#8221;vertical&#8221; video_color_mask=&#8221;#95c648&#8243; gr_end=&#8221;#95c648&#8243; video_opacity=&#8221;1&#8243; min_height=&#8221;700&#8243; padding_top=&#8221;0&#8243; padding_bottom=&#8221;0&#8243; top_shape_color=&#8221;#ffffff&#8221; has_bottom_shape_divider=&#8221;true&#8221; bottom_shape_size=&#8221;small&#8221; bottom_shape_color=&#8221;#f0652f&#8221; bottom_shape_bg_color=&#8221;#95c648&#8243; section_id=&#8221;accueil&#8221; sidebar=&#8221;sidebar-1&#8243;][vc_column width=&#8221;1\/2&#8243;][mk_padding_divider size=&#8221;120&#8243; visibility=&#8221;hidden-sm&#8221;][mk_padding_divider size=&#8221;60&#8243; visibility=&#8221;visible-sm&#8221;][mk_image src=&#8221;https:\/\/parlestutoutou.com\/wp-content\/uploads\/2017\/05\/bon-fillette-ipad.png&#8221; image_size=&#8221;full&#8221; align=&#8221;center&#8221; margin_bottom=&#8221;0&#8243;][mk_padding_divider size=&#8221;50&#8243; visibility=&#8221;visible-sm&#8221;][\/vc_column][vc_column width=&#8221;1\/2&#8243;][mk_padding_divider size=&#8221;200&#8243; visibility=&#8221;hidden-sm&#8221;][mk_fancy_title color=&#8221;#ffffff&#8221; size=&#8221;100&#8243; force_font_size=&#8221;true&#8221; size_tablet=&#8221;80&#8243; size_phone=&#8221;80&#8243; line_height=&#8221;85&#8243; font_weight=&#8221;bold&#8221; txt_transform=&#8221;capitalize&#8221; margin_bottom=&#8221;0&#8243; font_family=&#8221;none&#8221; align=&#8221;center&#8221;]Visionnez nos capsules![\/mk_fancy_title][mk_fancy_title color=&#8221;#ffffff&#8221; size=&#8221;24&#8243; txt_transform=&#8221;none&#8221; font_family=&#8221;Lato&#8221; font_type=&#8221;google&#8221; align=&#8221;center&#8221;]Capsules\u00a0\u00e9ducatives sur la pr\u00e9vention des morsures de chiens[\/mk_fancy_title][\/vc_column][\/mk_page_section][mk_page_section bg_color=&#8221;#f0652f&#8221; bg_stretch=&#8221;true&#8221; video_loop=&#8221;false&#8221; min_height=&#8221;700&#8243; padding_top=&#8221;100&#8243; padding_bottom=&#8221;100&#8243; top_shape_color=&#8221;#ffffff&#8221; bottom_shape_size=&#8221;small&#8221; bottom_shape_color=&#8221;#ffffff&#8221; bottom_shape_bg_color=&#8221;#95c648&#8243; section_id=&#8221;accueil&#8221; sidebar=&#8221;sidebar-1&#8243;][vc_column][mk_imagebox show_as=&#8221;column&#8221;][mk_imagebox_item item_image=&#8221;https:\/\/parlestutoutou.com\/wp-content\/uploads\/2017\/05\/capsule-bulle.jpg&#8221; image_padding=&#8221;false&#8221; background_color=&#8221;#ffffff&#8221; item_title=&#8221; #1 \u00c0 CHACUN SA BULLE&#8221; title_text_size=&#8221;20&#8243; title_color=&#8221;#269ac6&#8243; text_color=&#8221;#61696c&#8221; btn_text=&#8221;VISIONNEZ MAINTENANT&#8221; btn_url=&#8221;https:\/\/parlestutoutou.com\/?page_id=511&#8243; btn_background_color=&#8221;#269ac6&#8243; btn_text_color=&#8221;#ffffff&#8221;]Doc Pitou, l&#8217;amoureuse des chiens, est assist\u00e9e de ses complices pour nous d\u00e9montrer que comme les humains, les chiens ont leur espace vital et qu\u2019il est important de le respecter.[\/mk_imagebox_item][mk_imagebox_item item_image=&#8221;https:\/\/parlestutoutou.com\/wp-content\/uploads\/2017\/05\/capsule-2.jpg&#8221; image_padding=&#8221;false&#8221; background_color=&#8221;#ffffff&#8221; item_title=&#8221; #2 L&#8217;ABCD D&#8217;UNE RENCONTRE R\u00c9USSIE&#8221; title_text_size=&#8221;20&#8243; title_color=&#8221;#269ac6&#8243; text_color=&#8221;#61696c&#8221; btn_text=&#8221;VISIONNEZ MAINTENANT&#8221; btn_url=&#8221;https:\/\/parlestutoutou.com\/?page_id=584&#8243; btn_background_color=&#8221;#269ac6&#8243; btn_text_color=&#8221;#ffffff&#8221;]Doc Pitou est de retour avec ses amis pour nous apprendre les 4 \u00c9TAPES \u00e0 suivre pour approcher un chien inconnu en toute s\u00e9curit\u00e9 afin de pr\u00e9venir les morsures.<br \/>\n[\/mk_imagebox_item][mk_imagebox_item item_image=&#8221;https:\/\/parlestutoutou.com\/wp-content\/uploads\/2017\/05\/capsule-3.jpg&#8221; image_padding=&#8221;false&#8221; background_color=&#8221;#ffffff&#8221; item_title=&#8221; #3 SAUVE QUI PEUT&#8221; title_text_size=&#8221;20&#8243; title_color=&#8221;#269ac6&#8243; text_color=&#8221;#61696c&#8221; btn_text=&#8221;VISIONNEZ MAINTENANT&#8221; btn_url=&#8221;https:\/\/parlestutoutou.com\/?page_id=602 &#8221; btn_background_color=&#8221;#269ac6&#8243; btn_text_color=&#8221;#ffffff&#8221;]Face \u00e0 la rencontre d\u2019un chien errant il faut surtout r\u00e9sister \u00e0 l\u2019envie de s\u2019enfuir! Doc Pitou et ses deux complices nous expliquent pourquoi et comment r\u00e9agir face \u00e0 cette situation.<br \/>\n[\/mk_imagebox_item][\/mk_imagebox][mk_padding_divider visibility=&#8221;visible-sm&#8221;][mk_imagebox show_as=&#8221;column&#8221;][mk_imagebox_item item_image=&#8221;https:\/\/parlestutoutou.com\/wp-content\/uploads\/2017\/05\/capsule-jeu.jpg&#8221; image_padding=&#8221;false&#8221; background_color=&#8221;#ffffff&#8221; item_title=&#8221; #4 VIENS JOUER \u00c0 MON JEU&#8221; title_text_size=&#8221;20&#8243; title_color=&#8221;#269ac6&#8243; text_color=&#8221;#61696c&#8221; btn_text=&#8221;VISIONNEZ MAINTENANT&#8221; btn_url=&#8221;https:\/\/parlestutoutou.com\/?page_id=610&#8243; btn_background_color=&#8221;#269ac6&#8243; btn_text_color=&#8221;#ffffff&#8221;]Les chiens adorent jouer avec les humains mais pas n\u00e9cessairement \u00e0 tous les jeux qu\u2019on leur propose\u2026 Doc Pitou et ses acolytes sont l\u00e0 pour t\u2019aider \u00e0 jouer correctement avec nos fid\u00e8les compagnons \u00e0 4 pattes.[\/mk_imagebox_item][mk_imagebox_item item_image=&#8221;https:\/\/parlestutoutou.com\/wp-content\/uploads\/2017\/05\/capsule-5-g.jpg&#8221; image_padding=&#8221;false&#8221; background_color=&#8221;#ffffff&#8221; item_title=&#8221;#5 TOUCHE PAS \u00c0 MES AFFAIRES&#8221; title_text_size=&#8221;20&#8243; title_color=&#8221;#269ac6&#8243; text_color=&#8221;#61696c&#8221; btn_text=&#8221;VISIONNEZ MAINTENANT&#8221; btn_url=&#8221;https:\/\/parlestutoutou.com\/?page_id=619&#8243; btn_background_color=&#8221;#269ac6&#8243; btn_text_color=&#8221;#ffffff&#8221;]Tu d\u00e9testes que l\u2019on touche \u00e0 certaines de tes choses? C\u2019est tout \u00e0 fait compr\u00e9hensible. Doc Pitou et son \u00e9quipe, nous d\u00e9montre que tout comme nous, certains chiens n\u2019aiment pas que l\u2019on touche \u00e0 leurs affaires.[\/mk_imagebox_item][mk_imagebox_item item_image=&#8221;https:\/\/parlestutoutou.com\/wp-content\/uploads\/2018\/06\/capsule6-lazoo.jpg&#8221; image_padding=&#8221;false&#8221; background_color=&#8221;#ffffff&#8221; item_title=&#8221;#6 LA ZOOOO&#8230;&#8230;QUOI?&#8221; title_text_size=&#8221;20&#8243; title_color=&#8221;#269ac6&#8243; text_color=&#8221;#61696c&#8221; btn_text=&#8221;VISIONNEZ MAINTENANT&#8221; btn_url=&#8221;https:\/\/parlestutoutou.com\/?page_id=782&#8243; btn_background_color=&#8221;#269ac6&#8243; btn_text_color=&#8221;#ffffff&#8221;]Toutanima \u00c9ducation Canine pr\u00e9sente DOC. PITOU dans PARLES-TU TOUTOU SAISON II Premi\u00e8re capsule de la saison. La Zooo&#8230;.quoi? Doc.Pitou rencontre Madame Mance qui nous parle du m\u00e9tier de zooth\u00e9rapeute.<br \/>\n[\/mk_imagebox_item][\/mk_imagebox][\/vc_column][\/mk_page_section][vc_row id=&#8221;a-propos&#8221;][vc_column][mk_padding_divider size=&#8221;100&#8243; visibility=&#8221;hidden-sm&#8221;][mk_fancy_title color=&#8221;#269ac6&#8243; size=&#8221;72&#8243; font_weight=&#8221;bold&#8221; txt_transform=&#8221;capitalize&#8221; margin_bottom=&#8221;0&#8243; font_family=&#8221;none&#8221; align=&#8221;center&#8221; animation=&#8221;top-to-bottom&#8221;]Nous avons besoin de vous![\/mk_fancy_title][mk_fancy_title color=&#8221;#269ac6&#8243; size=&#8221;30&#8243; font_weight=&#8221;bold&#8221; margin_bottom=&#8221;0&#8243; font_family=&#8221;none&#8221; align=&#8221;center&#8221; animation=&#8221;top-to-bottom&#8221;]\n<p id=\"fancy-title-80\" class=\"mk-fancy-title mk-animate-element top-to-bottom simple-style color-single mk-in-viewport\">Devenez ambassadeur de notre mission \u00e9ducative et pr\u00e9ventive en nous aidant \u00e0 partager la bonne information visant \u00e0 sensibiliser et informer les gens sur la fa\u00e7on dont les chiens communique avec nous!<\/p>\n[\/mk_fancy_title][mk_padding_divider size=&#8221;100&#8243; visibility=&#8221;visible-sm&#8221;][mk_steps icon_1=&#8221;mk-li-video&#8221; title_1=&#8221;PARTAGEZ&#8221; desc_1=&#8221;nos capsules&#8221; url_1=&#8221;https:\/\/parlestutoutou.com\/capsules-educatives&#8221; icon_2=&#8221;mk-moon-facebook-2&#8243; title_2=&#8221;AIMEZ&#8221; desc_2=&#8221;notre page&#8221; url_2=&#8221;https:\/\/www.facebook.com\/humanimo.org&#8221; icon_3=&#8221;mk-moon-book&#8221; title_3=&#8221;PROCUREZ-VOUS&#8221; desc_3=&#8221;notre livre&#8221; url_3=&#8221;http:\/\/humanimo.org\/produit\/livre-humanimo\/&#8221; icon_4=&#8221;mk-icon-group&#8221; title_4=&#8221;INVITEZ&#8221; desc_4=&#8221;vos amis&#8221; url_4=&#8221;https:\/\/www.facebook.com\/groups\/parlestutoutou\/&#8221;][mk_padding_divider size=&#8221;100&#8243; visibility=&#8221;hidden-sm&#8221;][\/vc_column][\/vc_row]\n","protected":false},"excerpt":{"rendered":"<p>[mk_page_section bg_stretch=&#8221;true&#8221; bg_gradient=&#8221;vertical&#8221; video_color_mask=&#8221;#95c648&#8243; gr_end=&#8221;#95c648&#8243; video_opacity=&#8221;1&#8243; min_height=&#8221;700&#8243; padding_top=&#8221;0&#8243; padding_bottom=&#8221;0&#8243; top_shape_color=&#8221;#ffffff&#8221; has_bottom_shape_divider=&#8221;true&#8221; bottom_shape_size=&#8221;small&#8221; bottom_shape_color=&#8221;#f0652f&#8221; bottom_shape_bg_color=&#8221;#95c648&#8243; section_id=&#8221;accueil&#8221; sidebar=&#8221;sidebar-1&#8243;][vc_column width=&#8221;1\/2&#8243;][mk_padding_divider size=&#8221;120&#8243; visibility=&#8221;hidden-sm&#8221;][mk_padding_divider size=&#8221;60&#8243; visibility=&#8221;visible-sm&#8221;][mk_image src=&#8221;https:\/\/parlestutoutou.com\/wp-content\/uploads\/2017\/05\/bon-fillette-ipad.png&#8221; image_size=&#8221;full&#8221; align=&#8221;center&#8221; margin_bottom=&#8221;0&#8243;][mk_padding_divider size=&#8221;50&#8243; visibility=&#8221;visible-sm&#8221;][\/vc_column][vc_column width=&#8221;1\/2&#8243;][mk_padding_divider size=&#8221;200&#8243; visibility=&#8221;hidden-sm&#8221;][mk_fancy_title color=&#8221;#ffffff&#8221; size=&#8221;100&#8243; force_font_size=&#8221;true&#8221; size_tablet=&#8221;80&#8243; size_phone=&#8221;80&#8243; line_height=&#8221;85&#8243; font_weight=&#8221;bold&#8221; txt_transform=&#8221;capitalize&#8221; margin_bottom=&#8221;0&#8243; font_family=&#8221;none&#8221; align=&#8221;center&#8221;]Visionnez nos capsules![\/mk_fancy_title][mk_fancy_title color=&#8221;#ffffff&#8221; size=&#8221;24&#8243; txt_transform=&#8221;none&#8221; font_family=&#8221;Lato&#8221; font_type=&#8221;google&#8221; align=&#8221;center&#8221;]Capsules\u00a0\u00e9ducatives sur la pr\u00e9vention des morsures de [&hellip;]<\/p>\n","protected":false},"author":1,"featured_media":0,"parent":0,"menu_order":0,"comment_status":"closed","ping_status":"closed","template":"","meta":[],"_links":{"self":[{"href":"https:\/\/parlestutoutou.com\/index.php?rest_route=\/wp\/v2\/pages\/332"}],"collection":[{"href":"https:\/\/parlestutoutou.com\/index.php?rest_route=\/wp\/v2\/pages"}],"about":[{"href":"https:\/\/parlestutoutou.com\/index.php?rest_route=\/wp\/v2\/types\/page"}],"author":[{"embeddable":true,"href":"https:\/\/parlestutoutou.com\/index.php?rest_route=\/wp\/v2\/users\/1"}],"replies":[{"embeddable":true,"href":"https:\/\/parlestutoutou.com\/index.php?rest_route=%2Fwp%2Fv2%2Fcomments&post=332"}],"version-history":[{"count":57,"href":"https:\/\/parlestutoutou.com\/index.php?rest_route=\/wp\/v2\/pages\/332\/revisions"}],"predecessor-version":[{"id":820,"href":"https:\/\/parlestutoutou.com\/index.php?rest_route=\/wp\/v2\/pages\/332\/revisions\/820"}],"wp:attachment":[{"href":"https:\/\/parlestutoutou.com\/index.php?rest_route=%2Fwp%2Fv2%2Fmedia&parent=332"}],"curies":[{"name":"wp","href":"https:\/\/api.w.org\/{rel}","templated":true}]}}